{"id":241,"date":"2022-01-29T18:17:11","date_gmt":"2022-01-29T18:17:11","guid":{"rendered":"https:\/\/mainznagelstudio.de\/?page_id=241"},"modified":"2022-02-05T15:40:15","modified_gmt":"2022-02-05T15:40:15","slug":"produkte-leistungen","status":"publish","type":"page","link":"https:\/\/mainznagelstudio.de\/?page_id=241","title":{"rendered":"Produkte &#038; Leistungen"},"content":{"rendered":"\n<h2 class=\"wp-block-heading\" id=\"gepflegt-bis-in-die-fingerspitzen\">Gepflegt bis in die Fingerspitzen<\/h2>\n\n\n\n<div class=\"wp-block-media-text alignwide is-stacked-on-mobile\" style=\"grid-template-columns:46% auto\"><figure class=\"wp-block-media-text__media\"><img loading=\"lazy\" decoding=\"async\" width=\"425\" height=\"319\" src=\"http:\/\/mainznagelstudio.de\/wp-content\/uploads\/2022\/02\/produnkteundleistungen1.jpg\" alt=\"\" class=\"wp-image-273 size-full\" srcset=\"https:\/\/mainznagelstudio.de\/wp-content\/uploads\/2022\/02\/produnkteundleistungen1.jpg 425w, https:\/\/mainznagelstudio.de\/wp-content\/uploads\/2022\/02\/produnkteundleistungen1-300x225.jpg 300w\" sizes=\"auto, (max-width: 425px) 100vw, 425px\" \/><\/figure><div class=\"wp-block-media-text__content\">\n<div class=\"wp-block-group\"><div class=\"wp-block-group__inner-container is-layout-flow wp-block-group-is-layout-flow\">\n<div class=\"wp-block-columns are-vertically-aligned-center is-layout-flex wp-container-core-columns-is-layout-9d6595d7 wp-block-columns-is-layout-flex\">\n<div class=\"wp-block-column is-vertically-aligned-center is-layout-flow wp-block-column-is-layout-flow\" style=\"flex-basis:100%\">\n<div class=\"wp-block-group\"><div class=\"wp-block-group__inner-container is-layout-flow wp-block-group-is-layout-flow\">\n<div class=\"wp-block-columns is-layout-flex wp-container-core-columns-is-layout-9d6595d7 wp-block-columns-is-layout-flex\">\n<div class=\"wp-block-column is-layout-flow wp-block-column-is-layout-flow\" style=\"flex-basis:100%\">\n<p>DAS NAGELSTUDIO arbeitet ausschlie\u00dflich mit lichth\u00e4rtenden Materialien der Firma Light Concept Nails, die ihren Ursprung im Dentalbereich haben und dort als F\u00fcllmaterialien verarbeitet werden. Diese Materialien, auch als Gel-N\u00e4gel bekannt, sind 1-Komponenten Kunstharze, die zelltoxykologisch und dermatologisch getestet sind. Speziell f\u00fcr die Nagelkosmetik entwickelt, sind sie dem Aufbau und der Beschaffenheit des Naturnagels optimal angepasst.<\/p>\n<\/div>\n<\/div>\n<\/div><\/div>\n<\/div>\n<\/div>\n<\/div><\/div>\n<\/div><\/div>\n\n\n\n<div class=\"wp-block-media-text alignwide has-media-on-the-right is-stacked-on-mobile\" style=\"grid-template-columns:auto 33%\"><figure class=\"wp-block-media-text__media\"><img loading=\"lazy\" decoding=\"async\" width=\"425\" height=\"319\" src=\"http:\/\/mainznagelstudio.de\/wp-content\/uploads\/2022\/02\/produnkteundleistungen2.jpg\" alt=\"\" class=\"wp-image-274 size-full\" srcset=\"https:\/\/mainznagelstudio.de\/wp-content\/uploads\/2022\/02\/produnkteundleistungen2.jpg 425w, https:\/\/mainznagelstudio.de\/wp-content\/uploads\/2022\/02\/produnkteundleistungen2-300x225.jpg 300w\" sizes=\"auto, (max-width: 425px) 100vw, 425px\" \/><\/figure><div class=\"wp-block-media-text__content\">\n<p id=\"wir-bieten-verschiedene-arbeitstechniken-mit-1-oder-3-phasen-produkten-an-wie-z-b-die-nagelverlangerung-mit-tips-oder-schablone-die-verstarkung-des-naturnagels-oder-french-manicure-nails-auf-lichtharten\">Wir bieten verschiedene Arbeitstechniken mit 1- oder 3-Phasen-Produkten an, wie z.B. die Nagelverl\u00e4ngerung mit Tips oder Schablone, die Verst\u00e4rkung des Naturnagels oder French Manicure Nails auf lichth\u00e4rtender Basis. Bei der Verarbeitung wird ein reines, schwaches UVA-Licht verwendet, das in dieser Dosierung als v\u00f6llig ungef\u00e4hrlich einzustufen ist.<\/p>\n<\/div><\/div>\n\n\n\n<p><\/p>\n\n\n\n<p>Die Vorteile dieser Methode sind:<\/p>\n\n\n\n<ul class=\"wp-block-list\"><li>Die Materialien enthalten keine aggressiven S\u00e4uren, die den Naturnagel sch\u00e4digen k\u00f6nnten.<\/li><li>Die Kunstn\u00e4gel sind dem Naturnagel sehr \u00e4hnlich und sind somit auch ohne Nagellack zu tragen.<\/li><li>Die Materialien weisen eine hohe Stabilit\u00e4t und Haltbarkeit auf.<\/li><\/ul>\n\n\n\n<p><\/p>\n\n\n\n<p class=\"has-vivid-red-color has-text-color\" id=\"bei-kunden-unter-18-jahren-muss-vor-verbindlicher-terminvereinbarung-eine-schriftliche-einverstandniserklarung-der-erziehungsberechtigten-vorliegen-diese-kann-bei-uns-im-studio-geholt-oder-hier-als-pdf-gedownloaded-werden\">Bei Kunden unter 18 Jahren muss vor verbindlicher Terminvereinbarung eine schriftliche Einverst\u00e4ndniserkl\u00e4rung der Erziehungsberechtigten vorliegen.<br><br>Diese kann bei uns im Studio geholt oder <strong><a href=\"https:\/\/www.das-nagelstudio.de\/Einverstaendniserklaerung%20minderjaehrige%20AGB.pdf\" target=\"_blank\" rel=\"noreferrer noopener\">hier<\/a><\/strong> als PDF gedownloaded werden.<\/p>\n\n\n\n<p><\/p>\n","protected":false},"excerpt":{"rendered":"<p>Gepflegt bis in die Fingerspitzen Wir bieten verschiedene Arbeitstechniken mit 1- oder 3-Phasen-Produkten an, wie z.B. die Nagelverl\u00e4ngerung mit Tips oder Schablone, die Verst\u00e4rkung des Naturnagels oder French Manicure Nails auf lichth\u00e4rtender Basis. Bei der Verarbeitung wird ein reines, schwaches UVA-Licht verwendet, das in dieser Dosierung als v\u00f6llig ungef\u00e4hrlich einzustufen ist. Die Vorteile dieser Methode &hellip; <\/p>\n<p class=\"link-more\"><a href=\"https:\/\/mainznagelstudio.de\/?page_id=241\" class=\"more-link\"><span class=\"screen-reader-text\">\u201eProdukte &#038; Leistungen\u201c <\/span>weiterlesen<\/a><\/p>\n","protected":false},"author":1,"featured_media":0,"parent":0,"menu_order":0,"comment_status":"closed","ping_status":"closed","template":"","meta":{"_themeisle_gutenberg_block_has_review":false,"footnotes":""},"class_list":["post-241","page","type-page","status-publish","hentry","gallery-content-unit"],"yoast_head":"<!-- This site is optimized with the Yoast SEO plugin v27.3 - https:\/\/yoast.com\/product\/yoast-seo-wordpress\/ -->\n<title>Produkte &amp; Leistungen - DAS NAGELSTUDIO<\/title>\n<meta name=\"robots\" content=\"index, follow, max-snippet:-1, max-image-preview:large, max-video-preview:-1\" \/>\n<link rel=\"canonical\" href=\"https:\/\/mainznagelstudio.de\/?page_id=241\" \/>\n<meta property=\"og:locale\" content=\"de_DE\" \/>\n<meta property=\"og:type\" content=\"article\" \/>\n<meta property=\"og:title\" content=\"Produkte &amp; Leistungen - DAS NAGELSTUDIO\" \/>\n<meta property=\"og:description\" content=\"Gepflegt bis in die Fingerspitzen Wir bieten verschiedene Arbeitstechniken mit 1- oder 3-Phasen-Produkten an, wie z.B. die Nagelverl\u00e4ngerung mit Tips oder Schablone, die Verst\u00e4rkung des Naturnagels oder French Manicure Nails auf lichth\u00e4rtender Basis. Bei der Verarbeitung wird ein reines, schwaches UVA-Licht verwendet, das in dieser Dosierung als v\u00f6llig ungef\u00e4hrlich einzustufen ist. Die Vorteile dieser Methode &hellip; \u201eProdukte &#038; Leistungen\u201c weiterlesen\" \/>\n<meta property=\"og:url\" content=\"https:\/\/mainznagelstudio.de\/?page_id=241\" \/>\n<meta property=\"og:site_name\" content=\"DAS NAGELSTUDIO\" \/>\n<meta property=\"article:publisher\" content=\"https:\/\/www.facebook.com\/DasNagelstudioMainz\" \/>\n<meta property=\"article:modified_time\" content=\"2022-02-05T15:40:15+00:00\" \/>\n<meta property=\"og:image\" content=\"http:\/\/mainznagelstudio.de\/wp-content\/uploads\/2022\/02\/produnkteundleistungen1.jpg\" \/>\n<meta name=\"twitter:card\" content=\"summary_large_image\" \/>\n<meta name=\"twitter:label1\" content=\"Gesch\u00e4tzte Lesezeit\" \/>\n\t<meta name=\"twitter:data1\" content=\"1\u00a0Minute\" \/>\n<script type=\"application\/ld+json\" class=\"yoast-schema-graph\">{\"@context\":\"https:\\\/\\\/schema.org\",\"@graph\":[{\"@type\":\"WebPage\",\"@id\":\"https:\\\/\\\/mainznagelstudio.de\\\/?page_id=241\",\"url\":\"https:\\\/\\\/mainznagelstudio.de\\\/?page_id=241\",\"name\":\"Produkte & Leistungen - DAS NAGELSTUDIO\",\"isPartOf\":{\"@id\":\"https:\\\/\\\/mainznagelstudio.de\\\/#website\"},\"primaryImageOfPage\":{\"@id\":\"https:\\\/\\\/mainznagelstudio.de\\\/?page_id=241#primaryimage\"},\"image\":{\"@id\":\"https:\\\/\\\/mainznagelstudio.de\\\/?page_id=241#primaryimage\"},\"thumbnailUrl\":\"http:\\\/\\\/mainznagelstudio.de\\\/wp-content\\\/uploads\\\/2022\\\/02\\\/produnkteundleistungen1.jpg\",\"datePublished\":\"2022-01-29T18:17:11+00:00\",\"dateModified\":\"2022-02-05T15:40:15+00:00\",\"breadcrumb\":{\"@id\":\"https:\\\/\\\/mainznagelstudio.de\\\/?page_id=241#breadcrumb\"},\"inLanguage\":\"de\",\"potentialAction\":[{\"@type\":\"ReadAction\",\"target\":[\"https:\\\/\\\/mainznagelstudio.de\\\/?page_id=241\"]}]},{\"@type\":\"ImageObject\",\"inLanguage\":\"de\",\"@id\":\"https:\\\/\\\/mainznagelstudio.de\\\/?page_id=241#primaryimage\",\"url\":\"https:\\\/\\\/mainznagelstudio.de\\\/wp-content\\\/uploads\\\/2022\\\/02\\\/produnkteundleistungen1.jpg\",\"contentUrl\":\"https:\\\/\\\/mainznagelstudio.de\\\/wp-content\\\/uploads\\\/2022\\\/02\\\/produnkteundleistungen1.jpg\",\"width\":425,\"height\":319},{\"@type\":\"BreadcrumbList\",\"@id\":\"https:\\\/\\\/mainznagelstudio.de\\\/?page_id=241#breadcrumb\",\"itemListElement\":[{\"@type\":\"ListItem\",\"position\":1,\"name\":\"Startseite\",\"item\":\"https:\\\/\\\/mainznagelstudio.de\\\/\"},{\"@type\":\"ListItem\",\"position\":2,\"name\":\"Produkte &#038; Leistungen\"}]},{\"@type\":\"WebSite\",\"@id\":\"https:\\\/\\\/mainznagelstudio.de\\\/#website\",\"url\":\"https:\\\/\\\/mainznagelstudio.de\\\/\",\"name\":\"DAS NAGELSTUDIO\",\"description\":\"Damit Ihre Sch\u00f6nheit nicht beim Make-up aufh\u00f6rt!\",\"publisher\":{\"@id\":\"https:\\\/\\\/mainznagelstudio.de\\\/#organization\"},\"potentialAction\":[{\"@type\":\"SearchAction\",\"target\":{\"@type\":\"EntryPoint\",\"urlTemplate\":\"https:\\\/\\\/mainznagelstudio.de\\\/?s={search_term_string}\"},\"query-input\":{\"@type\":\"PropertyValueSpecification\",\"valueRequired\":true,\"valueName\":\"search_term_string\"}}],\"inLanguage\":\"de\"},{\"@type\":\"Organization\",\"@id\":\"https:\\\/\\\/mainznagelstudio.de\\\/#organization\",\"name\":\"DAS NAGELSTUDIO\",\"url\":\"https:\\\/\\\/mainznagelstudio.de\\\/\",\"logo\":{\"@type\":\"ImageObject\",\"inLanguage\":\"de\",\"@id\":\"https:\\\/\\\/mainznagelstudio.de\\\/#\\\/schema\\\/logo\\\/image\\\/\",\"url\":\"https:\\\/\\\/mainznagelstudio.de\\\/wp-content\\\/uploads\\\/2021\\\/09\\\/cropped-Schaufenster-gross-seite-scaled-1.jpg\",\"contentUrl\":\"https:\\\/\\\/mainznagelstudio.de\\\/wp-content\\\/uploads\\\/2021\\\/09\\\/cropped-Schaufenster-gross-seite-scaled-1.jpg\",\"width\":2000,\"height\":1507,\"caption\":\"DAS NAGELSTUDIO\"},\"image\":{\"@id\":\"https:\\\/\\\/mainznagelstudio.de\\\/#\\\/schema\\\/logo\\\/image\\\/\"},\"sameAs\":[\"https:\\\/\\\/www.facebook.com\\\/DasNagelstudioMainz\",\"https:\\\/\\\/www.instagram.com\\\/dasnagelstudio\"]}]}<\/script>\n<!-- \/ Yoast SEO plugin. -->","yoast_head_json":{"title":"Produkte & Leistungen - DAS NAGELSTUDIO","robots":{"index":"index","follow":"follow","max-snippet":"max-snippet:-1","max-image-preview":"max-image-preview:large","max-video-preview":"max-video-preview:-1"},"canonical":"https:\/\/mainznagelstudio.de\/?page_id=241","og_locale":"de_DE","og_type":"article","og_title":"Produkte & Leistungen - DAS NAGELSTUDIO","og_description":"Gepflegt bis in die Fingerspitzen Wir bieten verschiedene Arbeitstechniken mit 1- oder 3-Phasen-Produkten an, wie z.B. die Nagelverl\u00e4ngerung mit Tips oder Schablone, die Verst\u00e4rkung des Naturnagels oder French Manicure Nails auf lichth\u00e4rtender Basis. Bei der Verarbeitung wird ein reines, schwaches UVA-Licht verwendet, das in dieser Dosierung als v\u00f6llig ungef\u00e4hrlich einzustufen ist. Die Vorteile dieser Methode &hellip; \u201eProdukte &#038; Leistungen\u201c weiterlesen","og_url":"https:\/\/mainznagelstudio.de\/?page_id=241","og_site_name":"DAS NAGELSTUDIO","article_publisher":"https:\/\/www.facebook.com\/DasNagelstudioMainz","article_modified_time":"2022-02-05T15:40:15+00:00","og_image":[{"url":"http:\/\/mainznagelstudio.de\/wp-content\/uploads\/2022\/02\/produnkteundleistungen1.jpg","type":"","width":"","height":""}],"twitter_card":"summary_large_image","twitter_misc":{"Gesch\u00e4tzte Lesezeit":"1\u00a0Minute"},"schema":{"@context":"https:\/\/schema.org","@graph":[{"@type":"WebPage","@id":"https:\/\/mainznagelstudio.de\/?page_id=241","url":"https:\/\/mainznagelstudio.de\/?page_id=241","name":"Produkte & Leistungen - DAS NAGELSTUDIO","isPartOf":{"@id":"https:\/\/mainznagelstudio.de\/#website"},"primaryImageOfPage":{"@id":"https:\/\/mainznagelstudio.de\/?page_id=241#primaryimage"},"image":{"@id":"https:\/\/mainznagelstudio.de\/?page_id=241#primaryimage"},"thumbnailUrl":"http:\/\/mainznagelstudio.de\/wp-content\/uploads\/2022\/02\/produnkteundleistungen1.jpg","datePublished":"2022-01-29T18:17:11+00:00","dateModified":"2022-02-05T15:40:15+00:00","breadcrumb":{"@id":"https:\/\/mainznagelstudio.de\/?page_id=241#breadcrumb"},"inLanguage":"de","potentialAction":[{"@type":"ReadAction","target":["https:\/\/mainznagelstudio.de\/?page_id=241"]}]},{"@type":"ImageObject","inLanguage":"de","@id":"https:\/\/mainznagelstudio.de\/?page_id=241#primaryimage","url":"https:\/\/mainznagelstudio.de\/wp-content\/uploads\/2022\/02\/produnkteundleistungen1.jpg","contentUrl":"https:\/\/mainznagelstudio.de\/wp-content\/uploads\/2022\/02\/produnkteundleistungen1.jpg","width":425,"height":319},{"@type":"BreadcrumbList","@id":"https:\/\/mainznagelstudio.de\/?page_id=241#breadcrumb","itemListElement":[{"@type":"ListItem","position":1,"name":"Startseite","item":"https:\/\/mainznagelstudio.de\/"},{"@type":"ListItem","position":2,"name":"Produkte &#038; Leistungen"}]},{"@type":"WebSite","@id":"https:\/\/mainznagelstudio.de\/#website","url":"https:\/\/mainznagelstudio.de\/","name":"DAS NAGELSTUDIO","description":"Damit Ihre Sch\u00f6nheit nicht beim Make-up aufh\u00f6rt!","publisher":{"@id":"https:\/\/mainznagelstudio.de\/#organization"},"potentialAction":[{"@type":"SearchAction","target":{"@type":"EntryPoint","urlTemplate":"https:\/\/mainznagelstudio.de\/?s={search_term_string}"},"query-input":{"@type":"PropertyValueSpecification","valueRequired":true,"valueName":"search_term_string"}}],"inLanguage":"de"},{"@type":"Organization","@id":"https:\/\/mainznagelstudio.de\/#organization","name":"DAS NAGELSTUDIO","url":"https:\/\/mainznagelstudio.de\/","logo":{"@type":"ImageObject","inLanguage":"de","@id":"https:\/\/mainznagelstudio.de\/#\/schema\/logo\/image\/","url":"https:\/\/mainznagelstudio.de\/wp-content\/uploads\/2021\/09\/cropped-Schaufenster-gross-seite-scaled-1.jpg","contentUrl":"https:\/\/mainznagelstudio.de\/wp-content\/uploads\/2021\/09\/cropped-Schaufenster-gross-seite-scaled-1.jpg","width":2000,"height":1507,"caption":"DAS NAGELSTUDIO"},"image":{"@id":"https:\/\/mainznagelstudio.de\/#\/schema\/logo\/image\/"},"sameAs":["https:\/\/www.facebook.com\/DasNagelstudioMainz","https:\/\/www.instagram.com\/dasnagelstudio"]}]}},"_links":{"self":[{"href":"https:\/\/mainznagelstudio.de\/index.php?rest_route=\/wp\/v2\/pages\/241","targetHints":{"allow":["GET"]}}],"collection":[{"href":"https:\/\/mainznagelstudio.de\/index.php?rest_route=\/wp\/v2\/pages"}],"about":[{"href":"https:\/\/mainznagelstudio.de\/index.php?rest_route=\/wp\/v2\/types\/page"}],"author":[{"embeddable":true,"href":"https:\/\/mainznagelstudio.de\/index.php?rest_route=\/wp\/v2\/users\/1"}],"replies":[{"embeddable":true,"href":"https:\/\/mainznagelstudio.de\/index.php?rest_route=%2Fwp%2Fv2%2Fcomments&post=241"}],"version-history":[{"count":8,"href":"https:\/\/mainznagelstudio.de\/index.php?rest_route=\/wp\/v2\/pages\/241\/revisions"}],"predecessor-version":[{"id":285,"href":"https:\/\/mainznagelstudio.de\/index.php?rest_route=\/wp\/v2\/pages\/241\/revisions\/285"}],"wp:attachment":[{"href":"https:\/\/mainznagelstudio.de\/index.php?rest_route=%2Fwp%2Fv2%2Fmedia&parent=241"}],"curies":[{"name":"wp","href":"https:\/\/api.w.org\/{rel}","templated":true}]}}