{"id":245,"date":"2022-01-29T18:17:11","date_gmt":"2022-01-29T18:17:11","guid":{"rendered":"https:\/\/mainznagelstudio.de\/?page_id=245"},"modified":"2022-01-29T18:21:08","modified_gmt":"2022-01-29T18:21:08","slug":"schulung-ausbildung","status":"publish","type":"page","link":"https:\/\/mainznagelstudio.de\/?page_id=245","title":{"rendered":"Schulung &#038; Ausbildung"},"content":{"rendered":"\n<h3 class=\"has-vivid-red-color has-text-color wp-block-heading\" id=\"leider-konnen-wir-zur-zeit-keine-seminartermine-anbieten\"><strong>*** Leider k\u00f6nnen wir zur Zeit keine Seminartermine anbieten ***<\/strong><\/h3>\n\n\n\n<p><\/p>\n\n\n\n<p><strong>Grundausbildung Nail Design<\/strong><strong> I<\/strong><br>4 Tage f\u00fcr Teilnehmer ohne kosmetische Vorkenntnisse<\/p>\n\n\n\n<p>Der optimale Start in eine erfolgreiche berufliche Zukunft. Teilnehmer ohne<\/p>\n\n\n\n<p>kosmetische Vorkenntnisse erlernen das Basiswissen der Fingernagelkosmetik.<\/p>\n\n\n\n<ul class=\"wp-block-list\"><li>Hand- und Nagelpflege<\/li><li>Besondere Bed\u00fcrfnisse von H\u00e4nden und N\u00e4geln<\/li><li>Der Hand &amp; Nail Care Arbeitsplatz<\/li><li>Funktionsweise und Umgang mit Instrumenten und Werkzeug<\/li><li>Pflegeprodukte und Wirkstoffe<\/li><li>Nagelkategorien<\/li><li>Nagelanalyse<\/li><li>Typisierung<\/li><li>Feiltechniken<\/li><li>Manik\u00fcre<\/li><li>Spezialbehandlungen<\/li><li>Behandlungspreise<\/li><li>Praktisches Arbeiten<\/li><li>Verantwortung in der Nagelkosmetik<\/li><li>Einf\u00fchrung in die Dermatologie<\/li><li>Anatomie: Haut, H\u00e4nde und N\u00e4gel<\/li><li>Beurteilung des Nagels<\/li><li>Erkrankungen des Nagels und der Haut<\/li><li>Vorgehensweise bei Kontraindikationen in der Nagelmodellage<\/li><li>Verhalten bei unklaren und erkennbaren Ver\u00e4nderungen<\/li><li>Umsetzung der Hygieneverordnung im Institut<\/li><li>Arbeitssicherheit und Unfallverh\u00fctung<\/li><li>Materialsysteme in der Nagelkosmetik: selbsth\u00e4rtend und lichth\u00e4rtend<\/li><li>Grunds\u00e4tzliche Wirkungsweisen und Begriffskl\u00e4rung<\/li><li>Chemische Grundlagen und Arbeitstechniken<\/li><li>Arbeitstechniken und -materialien bei lichth\u00e4rtenden Modellagesystemen<\/li><li>Praktische Demonstrationen und praktisches Arbeiten mit Tip und Schablonentechnik<\/li><\/ul>\n\n\n\n<p>Seminarkosten: auf Anfrage<\/p>\n\n\n\n<p>Zertifikat LCN Nail Designer<\/p>\n\n\n\n<p><strong>Grundausbildung Nail <\/strong>Design<strong> II<\/strong><br>3 Tage f\u00fcr Teilnehmer mit&nbsp; kosmetischen Vorkenntnissen<\/p>\n\n\n\n<p>Teilnehmer mit Kenntnissen in der Manik\u00fcre und der Hand- und Nagelpflege starten mit dieser Grundausbildung.<\/p>\n\n\n\n<ul class=\"wp-block-list\"><li>Verantwortung in der Nagelkosmetik<\/li><li>Einf\u00fchrung in die Dermatologie<\/li><li>Anatomie: Haut, H\u00e4nde und N\u00e4gel<\/li><li>Beurteilung des Nagels<\/li><li>Erkrankungen des Nagels und der Haut<\/li><li>Vorgehensweise bei Kontraindikationen in der Nagelmodellage<\/li><li>Verhalten bei unklaren und erkennbaren Ver\u00e4nderungen<\/li><li>Umsetzung der Hygieneverordnung im Institut<\/li><li>Arbeitssicherheit und Unfallverh\u00fctung<\/li><li>Materialsysteme in der Nagelkosmetik: selbsth\u00e4rtend und lichth\u00e4rtend<\/li><li>Grunds\u00e4tzliche Wirkungsweisen und Begriffskl\u00e4rung<\/li><li>Chemische Grundlagen und Arbeitstechniken<\/li><li>Arbeitstechniken und -materialien bei lichth\u00e4rtenden Modellagesystemen<\/li><li>Praktische Demonstrationen und praktisches Arbeiten mit Tip und Schablonentechnik.<\/li><\/ul>\n\n\n\n<p><em>Seminarkosten auf Anfrage<\/em><\/p>\n\n\n\n<p>Zertifikat LCN Nail Designer<\/p>\n\n\n\n<p><strong>Aufbau-Seminar (1 Tag)<\/strong><\/p>\n\n\n\n<p>auch f\u00fcr Umsteiger<\/p>\n\n\n\n<p>Weiterf\u00fchrende Ausbildung mit Behandlungsalternativen, Spezialbehandlungen und Kunststoffsystemen f\u00fcr individuelle Behandlungen<\/p>\n\n\n\n<p>und Probleml\u00f6sungen in Ihrem Institut. Dieses Seminar ist auch der optimale Start f\u00fcr Umsteiger auf LCN Gele und der wichtige<\/p>\n\n\n\n<p>Aufbau auf die Grundausbildung. Voraussetzung: Nail Design Grundausbildung<\/p>\n\n\n\n<ul class=\"wp-block-list\"><li>Einf\u00fchrung<\/li><li>Wichtige lichth\u00e4rtende Kunststoffsysteme in der Nagelmodellage<\/li><li>Spezialprodukte als Behandlungserg\u00e4nzung<\/li><li>Kundentypisierung<\/li><li>Die richtige Materialauswahl<\/li><li>Der richtige und individuelle Behandlungsrhythmus<\/li><li>Camouflage Technik<\/li><li>Verfeinern der Arbeitstechnik<\/li><li>Die Arbeitsplatzausstattung mit Spezialinstrumenten<\/li><li>Praktisches Arbeiten mit verschiedenen Systemen<\/li><\/ul>\n\n\n\n<p><br><em>Seminarkosten: auf Anfrage<\/em><\/p>\n\n\n\n<p>Zertifikat Aufbau-Seminar<\/p>\n\n\n\n<p><strong>Basic Nail Art (1 Tag)<\/strong><\/p>\n\n\n\n<p>Nail Art Anf\u00e4nger erlernen in diesem Seminar die kunstvolle Gestaltung von N\u00e4geln.<\/p>\n\n\n\n<p>Das praktische Arbeiten mit den Basistechniken steht im Mittelpunkt.<\/p>\n\n\n\n<p>Im Seminar arbeiten Sie mit Lacken, Permanent Nail Art und Colour Gelen.<\/p>\n\n\n\n<ul class=\"wp-block-list\"><li>Stilkunde<\/li><li>Produktkunde<\/li><li>Zubeh\u00f6r und Werkzeuge<\/li><li>Nail Art Techniken: Lack und lichth\u00e4rtende Acryl-Arbeiten<\/li><li>Praktisches Arbeiten<\/li><li>Kalkulation<\/li><li>Studiodekoration zum Mitnehmen<\/li><\/ul>\n\n\n\n<p><br><em>Seminarkosten: auf Anfrage<\/em><\/p>\n\n\n\n<p>Zertifikat Nail Art<\/p>\n","protected":false},"excerpt":{"rendered":"<p>*** Leider k\u00f6nnen wir zur Zeit keine Seminartermine anbieten *** Grundausbildung Nail Design I4 Tage f\u00fcr Teilnehmer ohne kosmetische Vorkenntnisse Der optimale Start in eine erfolgreiche berufliche Zukunft. Teilnehmer ohne kosmetische Vorkenntnisse erlernen das Basiswissen der Fingernagelkosmetik. Hand- und Nagelpflege Besondere Bed\u00fcrfnisse von H\u00e4nden und N\u00e4geln Der Hand &amp; Nail Care Arbeitsplatz Funktionsweise und Umgang &hellip; <\/p>\n<p class=\"link-more\"><a href=\"https:\/\/mainznagelstudio.de\/?page_id=245\" class=\"more-link\"><span class=\"screen-reader-text\">\u201eSchulung &#038; Ausbildung\u201c <\/span>weiterlesen<\/a><\/p>\n","protected":false},"author":1,"featured_media":0,"parent":0,"menu_order":0,"comment_status":"closed","ping_status":"closed","template":"","meta":{"_themeisle_gutenberg_block_has_review":false,"footnotes":""},"class_list":["post-245","page","type-page","status-publish","hentry","gallery-content-unit"],"yoast_head":"<!-- This site is optimized with the Yoast SEO plugin v27.5 - https:\/\/yoast.com\/product\/yoast-seo-wordpress\/ -->\n<title>Schulung &amp; Ausbildung - DAS NAGELSTUDIO<\/title>\n<meta name=\"robots\" content=\"index, follow, max-snippet:-1, max-image-preview:large, max-video-preview:-1\" \/>\n<link rel=\"canonical\" href=\"https:\/\/mainznagelstudio.de\/?page_id=245\" \/>\n<meta property=\"og:locale\" content=\"de_DE\" \/>\n<meta property=\"og:type\" content=\"article\" \/>\n<meta property=\"og:title\" content=\"Schulung &amp; Ausbildung - DAS NAGELSTUDIO\" \/>\n<meta property=\"og:description\" content=\"*** Leider k\u00f6nnen wir zur Zeit keine Seminartermine anbieten *** Grundausbildung Nail Design I4 Tage f\u00fcr Teilnehmer ohne kosmetische Vorkenntnisse Der optimale Start in eine erfolgreiche berufliche Zukunft. Teilnehmer ohne kosmetische Vorkenntnisse erlernen das Basiswissen der Fingernagelkosmetik. Hand- und Nagelpflege Besondere Bed\u00fcrfnisse von H\u00e4nden und N\u00e4geln Der Hand &amp; Nail Care Arbeitsplatz Funktionsweise und Umgang &hellip; \u201eSchulung &#038; Ausbildung\u201c weiterlesen\" \/>\n<meta property=\"og:url\" content=\"https:\/\/mainznagelstudio.de\/?page_id=245\" \/>\n<meta property=\"og:site_name\" content=\"DAS NAGELSTUDIO\" \/>\n<meta property=\"article:publisher\" content=\"https:\/\/www.facebook.com\/DasNagelstudioMainz\" \/>\n<meta property=\"article:modified_time\" content=\"2022-01-29T18:21:08+00:00\" \/>\n<meta name=\"twitter:card\" content=\"summary_large_image\" \/>\n<meta name=\"twitter:label1\" content=\"Gesch\u00e4tzte Lesezeit\" \/>\n\t<meta name=\"twitter:data1\" content=\"2\u00a0Minuten\" \/>\n<script type=\"application\/ld+json\" class=\"yoast-schema-graph\">{\"@context\":\"https:\\\/\\\/schema.org\",\"@graph\":[{\"@type\":\"WebPage\",\"@id\":\"https:\\\/\\\/mainznagelstudio.de\\\/?page_id=245\",\"url\":\"https:\\\/\\\/mainznagelstudio.de\\\/?page_id=245\",\"name\":\"Schulung & Ausbildung - DAS NAGELSTUDIO\",\"isPartOf\":{\"@id\":\"https:\\\/\\\/mainznagelstudio.de\\\/#website\"},\"datePublished\":\"2022-01-29T18:17:11+00:00\",\"dateModified\":\"2022-01-29T18:21:08+00:00\",\"breadcrumb\":{\"@id\":\"https:\\\/\\\/mainznagelstudio.de\\\/?page_id=245#breadcrumb\"},\"inLanguage\":\"de\",\"potentialAction\":[{\"@type\":\"ReadAction\",\"target\":[\"https:\\\/\\\/mainznagelstudio.de\\\/?page_id=245\"]}]},{\"@type\":\"BreadcrumbList\",\"@id\":\"https:\\\/\\\/mainznagelstudio.de\\\/?page_id=245#breadcrumb\",\"itemListElement\":[{\"@type\":\"ListItem\",\"position\":1,\"name\":\"Startseite\",\"item\":\"https:\\\/\\\/mainznagelstudio.de\\\/\"},{\"@type\":\"ListItem\",\"position\":2,\"name\":\"Schulung &#038; Ausbildung\"}]},{\"@type\":\"WebSite\",\"@id\":\"https:\\\/\\\/mainznagelstudio.de\\\/#website\",\"url\":\"https:\\\/\\\/mainznagelstudio.de\\\/\",\"name\":\"DAS NAGELSTUDIO\",\"description\":\"Damit Ihre Sch\u00f6nheit nicht beim Make-up aufh\u00f6rt!\",\"publisher\":{\"@id\":\"https:\\\/\\\/mainznagelstudio.de\\\/#organization\"},\"potentialAction\":[{\"@type\":\"SearchAction\",\"target\":{\"@type\":\"EntryPoint\",\"urlTemplate\":\"https:\\\/\\\/mainznagelstudio.de\\\/?s={search_term_string}\"},\"query-input\":{\"@type\":\"PropertyValueSpecification\",\"valueRequired\":true,\"valueName\":\"search_term_string\"}}],\"inLanguage\":\"de\"},{\"@type\":\"Organization\",\"@id\":\"https:\\\/\\\/mainznagelstudio.de\\\/#organization\",\"name\":\"DAS NAGELSTUDIO\",\"url\":\"https:\\\/\\\/mainznagelstudio.de\\\/\",\"logo\":{\"@type\":\"ImageObject\",\"inLanguage\":\"de\",\"@id\":\"https:\\\/\\\/mainznagelstudio.de\\\/#\\\/schema\\\/logo\\\/image\\\/\",\"url\":\"https:\\\/\\\/mainznagelstudio.de\\\/wp-content\\\/uploads\\\/2021\\\/09\\\/cropped-Schaufenster-gross-seite-scaled-1.jpg\",\"contentUrl\":\"https:\\\/\\\/mainznagelstudio.de\\\/wp-content\\\/uploads\\\/2021\\\/09\\\/cropped-Schaufenster-gross-seite-scaled-1.jpg\",\"width\":2000,\"height\":1507,\"caption\":\"DAS NAGELSTUDIO\"},\"image\":{\"@id\":\"https:\\\/\\\/mainznagelstudio.de\\\/#\\\/schema\\\/logo\\\/image\\\/\"},\"sameAs\":[\"https:\\\/\\\/www.facebook.com\\\/DasNagelstudioMainz\",\"https:\\\/\\\/www.instagram.com\\\/dasnagelstudio\"]}]}<\/script>\n<!-- \/ Yoast SEO plugin. -->","yoast_head_json":{"title":"Schulung & Ausbildung - DAS NAGELSTUDIO","robots":{"index":"index","follow":"follow","max-snippet":"max-snippet:-1","max-image-preview":"max-image-preview:large","max-video-preview":"max-video-preview:-1"},"canonical":"https:\/\/mainznagelstudio.de\/?page_id=245","og_locale":"de_DE","og_type":"article","og_title":"Schulung & Ausbildung - DAS NAGELSTUDIO","og_description":"*** Leider k\u00f6nnen wir zur Zeit keine Seminartermine anbieten *** Grundausbildung Nail Design I4 Tage f\u00fcr Teilnehmer ohne kosmetische Vorkenntnisse Der optimale Start in eine erfolgreiche berufliche Zukunft. Teilnehmer ohne kosmetische Vorkenntnisse erlernen das Basiswissen der Fingernagelkosmetik. Hand- und Nagelpflege Besondere Bed\u00fcrfnisse von H\u00e4nden und N\u00e4geln Der Hand &amp; Nail Care Arbeitsplatz Funktionsweise und Umgang &hellip; \u201eSchulung &#038; Ausbildung\u201c weiterlesen","og_url":"https:\/\/mainznagelstudio.de\/?page_id=245","og_site_name":"DAS NAGELSTUDIO","article_publisher":"https:\/\/www.facebook.com\/DasNagelstudioMainz","article_modified_time":"2022-01-29T18:21:08+00:00","twitter_card":"summary_large_image","twitter_misc":{"Gesch\u00e4tzte Lesezeit":"2\u00a0Minuten"},"schema":{"@context":"https:\/\/schema.org","@graph":[{"@type":"WebPage","@id":"https:\/\/mainznagelstudio.de\/?page_id=245","url":"https:\/\/mainznagelstudio.de\/?page_id=245","name":"Schulung & Ausbildung - DAS NAGELSTUDIO","isPartOf":{"@id":"https:\/\/mainznagelstudio.de\/#website"},"datePublished":"2022-01-29T18:17:11+00:00","dateModified":"2022-01-29T18:21:08+00:00","breadcrumb":{"@id":"https:\/\/mainznagelstudio.de\/?page_id=245#breadcrumb"},"inLanguage":"de","potentialAction":[{"@type":"ReadAction","target":["https:\/\/mainznagelstudio.de\/?page_id=245"]}]},{"@type":"BreadcrumbList","@id":"https:\/\/mainznagelstudio.de\/?page_id=245#breadcrumb","itemListElement":[{"@type":"ListItem","position":1,"name":"Startseite","item":"https:\/\/mainznagelstudio.de\/"},{"@type":"ListItem","position":2,"name":"Schulung &#038; Ausbildung"}]},{"@type":"WebSite","@id":"https:\/\/mainznagelstudio.de\/#website","url":"https:\/\/mainznagelstudio.de\/","name":"DAS NAGELSTUDIO","description":"Damit Ihre Sch\u00f6nheit nicht beim Make-up aufh\u00f6rt!","publisher":{"@id":"https:\/\/mainznagelstudio.de\/#organization"},"potentialAction":[{"@type":"SearchAction","target":{"@type":"EntryPoint","urlTemplate":"https:\/\/mainznagelstudio.de\/?s={search_term_string}"},"query-input":{"@type":"PropertyValueSpecification","valueRequired":true,"valueName":"search_term_string"}}],"inLanguage":"de"},{"@type":"Organization","@id":"https:\/\/mainznagelstudio.de\/#organization","name":"DAS NAGELSTUDIO","url":"https:\/\/mainznagelstudio.de\/","logo":{"@type":"ImageObject","inLanguage":"de","@id":"https:\/\/mainznagelstudio.de\/#\/schema\/logo\/image\/","url":"https:\/\/mainznagelstudio.de\/wp-content\/uploads\/2021\/09\/cropped-Schaufenster-gross-seite-scaled-1.jpg","contentUrl":"https:\/\/mainznagelstudio.de\/wp-content\/uploads\/2021\/09\/cropped-Schaufenster-gross-seite-scaled-1.jpg","width":2000,"height":1507,"caption":"DAS NAGELSTUDIO"},"image":{"@id":"https:\/\/mainznagelstudio.de\/#\/schema\/logo\/image\/"},"sameAs":["https:\/\/www.facebook.com\/DasNagelstudioMainz","https:\/\/www.instagram.com\/dasnagelstudio"]}]}},"_links":{"self":[{"href":"https:\/\/mainznagelstudio.de\/index.php?rest_route=\/wp\/v2\/pages\/245","targetHints":{"allow":["GET"]}}],"collection":[{"href":"https:\/\/mainznagelstudio.de\/index.php?rest_route=\/wp\/v2\/pages"}],"about":[{"href":"https:\/\/mainznagelstudio.de\/index.php?rest_route=\/wp\/v2\/types\/page"}],"author":[{"embeddable":true,"href":"https:\/\/mainznagelstudio.de\/index.php?rest_route=\/wp\/v2\/users\/1"}],"replies":[{"embeddable":true,"href":"https:\/\/mainznagelstudio.de\/index.php?rest_route=%2Fwp%2Fv2%2Fcomments&post=245"}],"version-history":[{"count":3,"href":"https:\/\/mainznagelstudio.de\/index.php?rest_route=\/wp\/v2\/pages\/245\/revisions"}],"predecessor-version":[{"id":256,"href":"https:\/\/mainznagelstudio.de\/index.php?rest_route=\/wp\/v2\/pages\/245\/revisions\/256"}],"wp:attachment":[{"href":"https:\/\/mainznagelstudio.de\/index.php?rest_route=%2Fwp%2Fv2%2Fmedia&parent=245"}],"curies":[{"name":"wp","href":"https:\/\/api.w.org\/{rel}","templated":true}]}}