{"id":42,"date":"2018-05-25T15:20:33","date_gmt":"2018-05-25T15:20:33","guid":{"rendered":"http:\/\/mainznagelstudio.de\/?page_id=42"},"modified":"2023-02-26T15:06:19","modified_gmt":"2023-02-26T15:06:19","slug":"das-nagelstudio-in-mainz","status":"publish","type":"page","link":"https:\/\/mainznagelstudio.de\/","title":{"rendered":"DAS NAGELSTUDIO in Mainz"},"content":{"rendered":"\n<h2 class=\"has-text-align-left has-vivid-red-color has-text-color wp-block-heading\" id=\"zutritt-nur-nach-2-g-regel-geimpft-oder-genesen\"><\/h2>\n\n\n\n<h2 class=\"wp-block-heading\"><\/h2>\n\n\n<figure id=\"attachment_17\" aria-describedby=\"caption-attachment-17\" style=\"width: 215px\" class=\"wp-caption alignleft\"><img loading=\"lazy\" decoding=\"async\" class=\" wp-image-17\" src=\"http:\/\/mainznagelstudio.de\/wp-content\/uploads\/2018\/05\/Haende-Startseite-201x300.jpg\" alt=\"\" width=\"215\" height=\"321\" srcset=\"https:\/\/mainznagelstudio.de\/wp-content\/uploads\/2018\/05\/Haende-Startseite-201x300.jpg 201w, https:\/\/mainznagelstudio.de\/wp-content\/uploads\/2018\/05\/Haende-Startseite.jpg 283w\" sizes=\"auto, (max-width: 215px) 100vw, 215px\" \/><figcaption id=\"caption-attachment-17\" class=\"wp-caption-text\">[Bildquelle: www.wilde-cosmetics.de]<\/figcaption><\/figure>\n<p style=\"text-align: left;\">Sch\u00f6ne, gesunde Fingern\u00e4gel, sie sind die Visitenkarte jeder selbstbewussten Frau und vervielf\u00e4ltigen die Ausdrucksf\u00e4higkeit der H\u00e4nde.<\/p>\n<p style=\"text-align: left;\">Gepflegte H\u00e4nde sind Mittel der Kommunikation und geh\u00f6ren zu den wichtigsten Organen zur Gestaltung menschlicher Beziehungen.<\/p>\n<p style=\"text-align: left;\">Wir erz\u00e4hlen mit den H\u00e4nden, geben Signale und hinterlassen Eindr\u00fccke um unsere Pers\u00f6nlichkeit positiv zu verst\u00e4rken.<\/p>\n<p style=\"text-align: left;\">\n<\/p><p style=\"text-align: left;\">Wen wundert es da, dass der Bereich der modernen Fingernagelkosmetik auch heute immer Freunde findet.<\/p>","protected":false},"excerpt":{"rendered":"<p>Sch\u00f6ne, gesunde Fingern\u00e4gel, sie sind die Visitenkarte jeder selbstbewussten Frau und vervielf\u00e4ltigen die Ausdrucksf\u00e4higkeit der H\u00e4nde. Gepflegte H\u00e4nde sind Mittel der Kommunikation und geh\u00f6ren zu den wichtigsten Organen zur Gestaltung menschlicher Beziehungen. Wir erz\u00e4hlen mit den H\u00e4nden, geben Signale und hinterlassen Eindr\u00fccke um unsere Pers\u00f6nlichkeit positiv zu verst\u00e4rken. Wen wundert es da, dass der Bereich &hellip; <\/p>\n<p class=\"link-more\"><a href=\"https:\/\/mainznagelstudio.de\/\" class=\"more-link\"><span class=\"screen-reader-text\">\u201eDAS NAGELSTUDIO in Mainz\u201c <\/span>weiterlesen<\/a><\/p>\n","protected":false},"author":1,"featured_media":0,"parent":0,"menu_order":0,"comment_status":"closed","ping_status":"closed","template":"","meta":{"_themeisle_gutenberg_block_has_review":false,"footnotes":""},"class_list":["post-42","page","type-page","status-publish","hentry","gallery-content-unit"],"yoast_head":"<!-- This site is optimized with the Yoast SEO plugin v27.4 - https:\/\/yoast.com\/product\/yoast-seo-wordpress\/ -->\n<title>DAS NAGELSTUDIO in Mainz - DAS NAGELSTUDIO<\/title>\n<meta name=\"robots\" content=\"index, follow, max-snippet:-1, max-image-preview:large, max-video-preview:-1\" \/>\n<link rel=\"canonical\" href=\"https:\/\/mainznagelstudio.de\/\" \/>\n<meta property=\"og:locale\" content=\"de_DE\" \/>\n<meta property=\"og:type\" content=\"article\" \/>\n<meta property=\"og:title\" content=\"DAS NAGELSTUDIO in Mainz - DAS NAGELSTUDIO\" \/>\n<meta property=\"og:description\" content=\"Sch\u00f6ne, gesunde Fingern\u00e4gel, sie sind die Visitenkarte jeder selbstbewussten Frau und vervielf\u00e4ltigen die Ausdrucksf\u00e4higkeit der H\u00e4nde. Gepflegte H\u00e4nde sind Mittel der Kommunikation und geh\u00f6ren zu den wichtigsten Organen zur Gestaltung menschlicher Beziehungen. Wir erz\u00e4hlen mit den H\u00e4nden, geben Signale und hinterlassen Eindr\u00fccke um unsere Pers\u00f6nlichkeit positiv zu verst\u00e4rken. Wen wundert es da, dass der Bereich &hellip; \u201eDAS NAGELSTUDIO in Mainz\u201c weiterlesen\" \/>\n<meta property=\"og:url\" content=\"https:\/\/mainznagelstudio.de\/\" \/>\n<meta property=\"og:site_name\" content=\"DAS NAGELSTUDIO\" \/>\n<meta property=\"article:publisher\" content=\"https:\/\/www.facebook.com\/DasNagelstudioMainz\" \/>\n<meta property=\"article:modified_time\" content=\"2023-02-26T15:06:19+00:00\" \/>\n<meta property=\"og:image\" content=\"http:\/\/mainznagelstudio.de\/wp-content\/uploads\/2018\/05\/Haende-Startseite-201x300.jpg\" \/>\n<meta name=\"twitter:card\" content=\"summary_large_image\" \/>\n<meta name=\"twitter:label1\" content=\"Gesch\u00e4tzte Lesezeit\" \/>\n\t<meta name=\"twitter:data1\" content=\"1\u00a0Minute\" \/>\n<script type=\"application\/ld+json\" class=\"yoast-schema-graph\">{\"@context\":\"https:\\\/\\\/schema.org\",\"@graph\":[{\"@type\":\"WebPage\",\"@id\":\"https:\\\/\\\/mainznagelstudio.de\\\/\",\"url\":\"https:\\\/\\\/mainznagelstudio.de\\\/\",\"name\":\"DAS NAGELSTUDIO in Mainz - DAS NAGELSTUDIO\",\"isPartOf\":{\"@id\":\"https:\\\/\\\/mainznagelstudio.de\\\/#website\"},\"primaryImageOfPage\":{\"@id\":\"https:\\\/\\\/mainznagelstudio.de\\\/#primaryimage\"},\"image\":{\"@id\":\"https:\\\/\\\/mainznagelstudio.de\\\/#primaryimage\"},\"thumbnailUrl\":\"http:\\\/\\\/mainznagelstudio.de\\\/wp-content\\\/uploads\\\/2018\\\/05\\\/Haende-Startseite-201x300.jpg\",\"datePublished\":\"2018-05-25T15:20:33+00:00\",\"dateModified\":\"2023-02-26T15:06:19+00:00\",\"breadcrumb\":{\"@id\":\"https:\\\/\\\/mainznagelstudio.de\\\/#breadcrumb\"},\"inLanguage\":\"de\",\"potentialAction\":[{\"@type\":\"ReadAction\",\"target\":[\"https:\\\/\\\/mainznagelstudio.de\\\/\"]}]},{\"@type\":\"ImageObject\",\"inLanguage\":\"de\",\"@id\":\"https:\\\/\\\/mainznagelstudio.de\\\/#primaryimage\",\"url\":\"https:\\\/\\\/mainznagelstudio.de\\\/wp-content\\\/uploads\\\/2018\\\/05\\\/Haende-Startseite.jpg\",\"contentUrl\":\"https:\\\/\\\/mainznagelstudio.de\\\/wp-content\\\/uploads\\\/2018\\\/05\\\/Haende-Startseite.jpg\",\"width\":283,\"height\":423,\"caption\":\"Fingernail. Manicure and Gesturing.\"},{\"@type\":\"BreadcrumbList\",\"@id\":\"https:\\\/\\\/mainznagelstudio.de\\\/#breadcrumb\",\"itemListElement\":[{\"@type\":\"ListItem\",\"position\":1,\"name\":\"Startseite\",\"item\":\"https:\\\/\\\/mainznagelstudio.de\\\/\"},{\"@type\":\"ListItem\",\"position\":2,\"name\":\"DAS NAGELSTUDIO in Mainz\"}]},{\"@type\":\"WebSite\",\"@id\":\"https:\\\/\\\/mainznagelstudio.de\\\/#website\",\"url\":\"https:\\\/\\\/mainznagelstudio.de\\\/\",\"name\":\"DAS NAGELSTUDIO\",\"description\":\"Damit Ihre Sch\u00f6nheit nicht beim Make-up aufh\u00f6rt!\",\"publisher\":{\"@id\":\"https:\\\/\\\/mainznagelstudio.de\\\/#organization\"},\"potentialAction\":[{\"@type\":\"SearchAction\",\"target\":{\"@type\":\"EntryPoint\",\"urlTemplate\":\"https:\\\/\\\/mainznagelstudio.de\\\/?s={search_term_string}\"},\"query-input\":{\"@type\":\"PropertyValueSpecification\",\"valueRequired\":true,\"valueName\":\"search_term_string\"}}],\"inLanguage\":\"de\"},{\"@type\":\"Organization\",\"@id\":\"https:\\\/\\\/mainznagelstudio.de\\\/#organization\",\"name\":\"DAS NAGELSTUDIO\",\"url\":\"https:\\\/\\\/mainznagelstudio.de\\\/\",\"logo\":{\"@type\":\"ImageObject\",\"inLanguage\":\"de\",\"@id\":\"https:\\\/\\\/mainznagelstudio.de\\\/#\\\/schema\\\/logo\\\/image\\\/\",\"url\":\"https:\\\/\\\/mainznagelstudio.de\\\/wp-content\\\/uploads\\\/2021\\\/09\\\/cropped-Schaufenster-gross-seite-scaled-1.jpg\",\"contentUrl\":\"https:\\\/\\\/mainznagelstudio.de\\\/wp-content\\\/uploads\\\/2021\\\/09\\\/cropped-Schaufenster-gross-seite-scaled-1.jpg\",\"width\":2000,\"height\":1507,\"caption\":\"DAS NAGELSTUDIO\"},\"image\":{\"@id\":\"https:\\\/\\\/mainznagelstudio.de\\\/#\\\/schema\\\/logo\\\/image\\\/\"},\"sameAs\":[\"https:\\\/\\\/www.facebook.com\\\/DasNagelstudioMainz\",\"https:\\\/\\\/www.instagram.com\\\/dasnagelstudio\"]}]}<\/script>\n<!-- \/ Yoast SEO plugin. -->","yoast_head_json":{"title":"DAS NAGELSTUDIO in Mainz - DAS NAGELSTUDIO","robots":{"index":"index","follow":"follow","max-snippet":"max-snippet:-1","max-image-preview":"max-image-preview:large","max-video-preview":"max-video-preview:-1"},"canonical":"https:\/\/mainznagelstudio.de\/","og_locale":"de_DE","og_type":"article","og_title":"DAS NAGELSTUDIO in Mainz - DAS NAGELSTUDIO","og_description":"Sch\u00f6ne, gesunde Fingern\u00e4gel, sie sind die Visitenkarte jeder selbstbewussten Frau und vervielf\u00e4ltigen die Ausdrucksf\u00e4higkeit der H\u00e4nde. Gepflegte H\u00e4nde sind Mittel der Kommunikation und geh\u00f6ren zu den wichtigsten Organen zur Gestaltung menschlicher Beziehungen. Wir erz\u00e4hlen mit den H\u00e4nden, geben Signale und hinterlassen Eindr\u00fccke um unsere Pers\u00f6nlichkeit positiv zu verst\u00e4rken. Wen wundert es da, dass der Bereich &hellip; \u201eDAS NAGELSTUDIO in Mainz\u201c weiterlesen","og_url":"https:\/\/mainznagelstudio.de\/","og_site_name":"DAS NAGELSTUDIO","article_publisher":"https:\/\/www.facebook.com\/DasNagelstudioMainz","article_modified_time":"2023-02-26T15:06:19+00:00","og_image":[{"url":"http:\/\/mainznagelstudio.de\/wp-content\/uploads\/2018\/05\/Haende-Startseite-201x300.jpg","type":"","width":"","height":""}],"twitter_card":"summary_large_image","twitter_misc":{"Gesch\u00e4tzte Lesezeit":"1\u00a0Minute"},"schema":{"@context":"https:\/\/schema.org","@graph":[{"@type":"WebPage","@id":"https:\/\/mainznagelstudio.de\/","url":"https:\/\/mainznagelstudio.de\/","name":"DAS NAGELSTUDIO in Mainz - DAS NAGELSTUDIO","isPartOf":{"@id":"https:\/\/mainznagelstudio.de\/#website"},"primaryImageOfPage":{"@id":"https:\/\/mainznagelstudio.de\/#primaryimage"},"image":{"@id":"https:\/\/mainznagelstudio.de\/#primaryimage"},"thumbnailUrl":"http:\/\/mainznagelstudio.de\/wp-content\/uploads\/2018\/05\/Haende-Startseite-201x300.jpg","datePublished":"2018-05-25T15:20:33+00:00","dateModified":"2023-02-26T15:06:19+00:00","breadcrumb":{"@id":"https:\/\/mainznagelstudio.de\/#breadcrumb"},"inLanguage":"de","potentialAction":[{"@type":"ReadAction","target":["https:\/\/mainznagelstudio.de\/"]}]},{"@type":"ImageObject","inLanguage":"de","@id":"https:\/\/mainznagelstudio.de\/#primaryimage","url":"https:\/\/mainznagelstudio.de\/wp-content\/uploads\/2018\/05\/Haende-Startseite.jpg","contentUrl":"https:\/\/mainznagelstudio.de\/wp-content\/uploads\/2018\/05\/Haende-Startseite.jpg","width":283,"height":423,"caption":"Fingernail. Manicure and Gesturing."},{"@type":"BreadcrumbList","@id":"https:\/\/mainznagelstudio.de\/#breadcrumb","itemListElement":[{"@type":"ListItem","position":1,"name":"Startseite","item":"https:\/\/mainznagelstudio.de\/"},{"@type":"ListItem","position":2,"name":"DAS NAGELSTUDIO in Mainz"}]},{"@type":"WebSite","@id":"https:\/\/mainznagelstudio.de\/#website","url":"https:\/\/mainznagelstudio.de\/","name":"DAS NAGELSTUDIO","description":"Damit Ihre Sch\u00f6nheit nicht beim Make-up aufh\u00f6rt!","publisher":{"@id":"https:\/\/mainznagelstudio.de\/#organization"},"potentialAction":[{"@type":"SearchAction","target":{"@type":"EntryPoint","urlTemplate":"https:\/\/mainznagelstudio.de\/?s={search_term_string}"},"query-input":{"@type":"PropertyValueSpecification","valueRequired":true,"valueName":"search_term_string"}}],"inLanguage":"de"},{"@type":"Organization","@id":"https:\/\/mainznagelstudio.de\/#organization","name":"DAS NAGELSTUDIO","url":"https:\/\/mainznagelstudio.de\/","logo":{"@type":"ImageObject","inLanguage":"de","@id":"https:\/\/mainznagelstudio.de\/#\/schema\/logo\/image\/","url":"https:\/\/mainznagelstudio.de\/wp-content\/uploads\/2021\/09\/cropped-Schaufenster-gross-seite-scaled-1.jpg","contentUrl":"https:\/\/mainznagelstudio.de\/wp-content\/uploads\/2021\/09\/cropped-Schaufenster-gross-seite-scaled-1.jpg","width":2000,"height":1507,"caption":"DAS NAGELSTUDIO"},"image":{"@id":"https:\/\/mainznagelstudio.de\/#\/schema\/logo\/image\/"},"sameAs":["https:\/\/www.facebook.com\/DasNagelstudioMainz","https:\/\/www.instagram.com\/dasnagelstudio"]}]}},"_links":{"self":[{"href":"https:\/\/mainznagelstudio.de\/index.php?rest_route=\/wp\/v2\/pages\/42","targetHints":{"allow":["GET"]}}],"collection":[{"href":"https:\/\/mainznagelstudio.de\/index.php?rest_route=\/wp\/v2\/pages"}],"about":[{"href":"https:\/\/mainznagelstudio.de\/index.php?rest_route=\/wp\/v2\/types\/page"}],"author":[{"embeddable":true,"href":"https:\/\/mainznagelstudio.de\/index.php?rest_route=\/wp\/v2\/users\/1"}],"replies":[{"embeddable":true,"href":"https:\/\/mainznagelstudio.de\/index.php?rest_route=%2Fwp%2Fv2%2Fcomments&post=42"}],"version-history":[{"count":15,"href":"https:\/\/mainznagelstudio.de\/index.php?rest_route=\/wp\/v2\/pages\/42\/revisions"}],"predecessor-version":[{"id":588,"href":"https:\/\/mainznagelstudio.de\/index.php?rest_route=\/wp\/v2\/pages\/42\/revisions\/588"}],"wp:attachment":[{"href":"https:\/\/mainznagelstudio.de\/index.php?rest_route=%2Fwp%2Fv2%2Fmedia&parent=42"}],"curies":[{"name":"wp","href":"https:\/\/api.w.org\/{rel}","templated":true}]}}