{"id":60,"date":"2018-05-25T15:55:36","date_gmt":"2018-05-25T15:55:36","guid":{"rendered":"http:\/\/mainznagelstudio.de\/?page_id=60"},"modified":"2025-05-04T12:09:26","modified_gmt":"2025-05-04T12:09:26","slug":"seit-ueber-25-jahren-in-den-besten-haenden","status":"publish","type":"page","link":"https:\/\/mainznagelstudio.de\/?page_id=60","title":{"rendered":"&#8230;seit \u00fcber 30 Jahren in den besten H\u00e4nden!"},"content":{"rendered":"\n<h4 class=\"wp-block-heading\" id=\"herzlich-wilkommen-bei-das-nagelstudio\"> Herzlich wilkommen bei DAS NAGELSTUDIO <\/h4>\n\n\n\n<p>Ich hei\u00dfe Petra Bittner und arbeite als staatl. gep\u00fcfte Nageldesignerin (HWK) mit meinem Team seit  1985 erolgreich im Bereich der Nagelkosmetik.<\/p>\n\n\n<figure id=\"attachment_63\" aria-describedby=\"caption-attachment-63\" style=\"width: 194px\" class=\"wp-caption alignleft\"><img loading=\"lazy\" decoding=\"async\" class=\" wp-image-63\" src=\"http:\/\/mainznagelstudio.de\/wp-content\/uploads\/2018\/05\/LCN-Nail-4c-4-.jpg\" alt=\"\" width=\"194\" height=\"258\" \/><figcaption id=\"caption-attachment-63\" class=\"wp-caption-text\">Quelle: Wilde Cosmetics GmbH<\/figcaption><\/figure>\n<p>In dieser Zeit haben wir uns mit den aktuellen Trends und den W\u00fcnschen unserer Kunden weiterentwickelt.<\/p>\n<p>Durch die Teilnahme an verschiedenen Lehrg\u00e4ngen, Messen und Fachveranstaltungen, k\u00f6nnen wir stets modernste Techniken und Produkte anbieten.<\/p>\n<p>Lassen Sie sich nach einer ausf\u00fchrlichen Beratung bei einer Tasse Kaffee in einem gepflegten und pers\u00f6nlichen Ambiente verw\u00f6hnen &#8211; denn die Zufriedenheit unserer Kunden ist unser oberstes Ziel.<\/p>\n<p>Wohl nicht zuletzt durch fachliche Kompetenz und die Verarbeitung qualitativ hochwertiger Materialien, ist DAS NAGELSTUDIO in Mainz schon seit vielen Jahren eine Institution im Bereich der Fingernagelkosmetik geworden.<\/p>\n<p><!--StartFragment--><\/p>\n\n\n<p>Zu diesem Erfolg haben unter anderem unsere langj\u00e4hrigen, zufriedenen Kunden beigetragen, denen an dieser Stelle ein \u201cDankesch\u00f6n\u201d ausgesprochen werden soll.<\/p>\n","protected":false},"excerpt":{"rendered":"<p>Herzlich wilkommen bei DAS NAGELSTUDIO Ich hei\u00dfe Petra Bittner und arbeite als staatl. gep\u00fcfte Nageldesignerin (HWK) mit meinem Team seit 1985 erolgreich im Bereich der Nagelkosmetik. In dieser Zeit haben wir uns mit den aktuellen Trends und den W\u00fcnschen unserer Kunden weiterentwickelt. Durch die Teilnahme an verschiedenen Lehrg\u00e4ngen, Messen und Fachveranstaltungen, k\u00f6nnen wir stets modernste &hellip; <\/p>\n<p class=\"link-more\"><a href=\"https:\/\/mainznagelstudio.de\/?page_id=60\" class=\"more-link\"><span class=\"screen-reader-text\">\u201e&#8230;seit \u00fcber 30 Jahren in den besten H\u00e4nden!\u201c <\/span>weiterlesen<\/a><\/p>\n","protected":false},"author":1,"featured_media":0,"parent":0,"menu_order":0,"comment_status":"closed","ping_status":"closed","template":"","meta":{"_themeisle_gutenberg_block_has_review":false,"footnotes":""},"class_list":["post-60","page","type-page","status-publish","hentry","gallery-content-unit"],"yoast_head":"<!-- This site is optimized with the Yoast SEO plugin v27.3 - https:\/\/yoast.com\/product\/yoast-seo-wordpress\/ -->\n<title>...seit \u00fcber 30 Jahren in den besten H\u00e4nden! - DAS NAGELSTUDIO<\/title>\n<meta name=\"robots\" content=\"index, follow, max-snippet:-1, max-image-preview:large, max-video-preview:-1\" \/>\n<link rel=\"canonical\" href=\"https:\/\/mainznagelstudio.de\/?page_id=60\" \/>\n<meta property=\"og:locale\" content=\"de_DE\" \/>\n<meta property=\"og:type\" content=\"article\" \/>\n<meta property=\"og:title\" content=\"...seit \u00fcber 30 Jahren in den besten H\u00e4nden! - DAS NAGELSTUDIO\" \/>\n<meta property=\"og:description\" content=\"Herzlich wilkommen bei DAS NAGELSTUDIO Ich hei\u00dfe Petra Bittner und arbeite als staatl. gep\u00fcfte Nageldesignerin (HWK) mit meinem Team seit 1985 erolgreich im Bereich der Nagelkosmetik. In dieser Zeit haben wir uns mit den aktuellen Trends und den W\u00fcnschen unserer Kunden weiterentwickelt. Durch die Teilnahme an verschiedenen Lehrg\u00e4ngen, Messen und Fachveranstaltungen, k\u00f6nnen wir stets modernste &hellip; \u201e&#8230;seit \u00fcber 30 Jahren in den besten H\u00e4nden!\u201c weiterlesen\" \/>\n<meta property=\"og:url\" content=\"https:\/\/mainznagelstudio.de\/?page_id=60\" \/>\n<meta property=\"og:site_name\" content=\"DAS NAGELSTUDIO\" \/>\n<meta property=\"article:publisher\" content=\"https:\/\/www.facebook.com\/DasNagelstudioMainz\" \/>\n<meta property=\"article:modified_time\" content=\"2025-05-04T12:09:26+00:00\" \/>\n<meta property=\"og:image\" content=\"https:\/\/mainznagelstudio.de\/wp-content\/uploads\/2018\/05\/LCN-Nail-4c-4-.jpg\" \/>\n\t<meta property=\"og:image:width\" content=\"200\" \/>\n\t<meta property=\"og:image:height\" content=\"266\" \/>\n\t<meta property=\"og:image:type\" content=\"image\/jpeg\" \/>\n<meta name=\"twitter:card\" content=\"summary_large_image\" \/>\n<meta name=\"twitter:label1\" content=\"Gesch\u00e4tzte Lesezeit\" \/>\n\t<meta name=\"twitter:data1\" content=\"1\u00a0Minute\" \/>\n<script type=\"application\/ld+json\" class=\"yoast-schema-graph\">{\"@context\":\"https:\\\/\\\/schema.org\",\"@graph\":[{\"@type\":\"WebPage\",\"@id\":\"https:\\\/\\\/mainznagelstudio.de\\\/?page_id=60\",\"url\":\"https:\\\/\\\/mainznagelstudio.de\\\/?page_id=60\",\"name\":\"...seit \u00fcber 30 Jahren in den besten H\u00e4nden! - DAS NAGELSTUDIO\",\"isPartOf\":{\"@id\":\"https:\\\/\\\/mainznagelstudio.de\\\/#website\"},\"primaryImageOfPage\":{\"@id\":\"https:\\\/\\\/mainznagelstudio.de\\\/?page_id=60#primaryimage\"},\"image\":{\"@id\":\"https:\\\/\\\/mainznagelstudio.de\\\/?page_id=60#primaryimage\"},\"thumbnailUrl\":\"http:\\\/\\\/mainznagelstudio.de\\\/wp-content\\\/uploads\\\/2018\\\/05\\\/LCN-Nail-4c-4-.jpg\",\"datePublished\":\"2018-05-25T15:55:36+00:00\",\"dateModified\":\"2025-05-04T12:09:26+00:00\",\"breadcrumb\":{\"@id\":\"https:\\\/\\\/mainznagelstudio.de\\\/?page_id=60#breadcrumb\"},\"inLanguage\":\"de\",\"potentialAction\":[{\"@type\":\"ReadAction\",\"target\":[\"https:\\\/\\\/mainznagelstudio.de\\\/?page_id=60\"]}]},{\"@type\":\"ImageObject\",\"inLanguage\":\"de\",\"@id\":\"https:\\\/\\\/mainznagelstudio.de\\\/?page_id=60#primaryimage\",\"url\":\"https:\\\/\\\/mainznagelstudio.de\\\/wp-content\\\/uploads\\\/2018\\\/05\\\/LCN-Nail-4c-4-.jpg\",\"contentUrl\":\"https:\\\/\\\/mainznagelstudio.de\\\/wp-content\\\/uploads\\\/2018\\\/05\\\/LCN-Nail-4c-4-.jpg\",\"width\":200,\"height\":266,\"caption\":\"Quelle: Wilde Cosmetics GmbH\"},{\"@type\":\"BreadcrumbList\",\"@id\":\"https:\\\/\\\/mainznagelstudio.de\\\/?page_id=60#breadcrumb\",\"itemListElement\":[{\"@type\":\"ListItem\",\"position\":1,\"name\":\"Startseite\",\"item\":\"https:\\\/\\\/mainznagelstudio.de\\\/\"},{\"@type\":\"ListItem\",\"position\":2,\"name\":\"&#8230;seit \u00fcber 30 Jahren in den besten H\u00e4nden!\"}]},{\"@type\":\"WebSite\",\"@id\":\"https:\\\/\\\/mainznagelstudio.de\\\/#website\",\"url\":\"https:\\\/\\\/mainznagelstudio.de\\\/\",\"name\":\"DAS NAGELSTUDIO\",\"description\":\"Damit Ihre Sch\u00f6nheit nicht beim Make-up aufh\u00f6rt!\",\"publisher\":{\"@id\":\"https:\\\/\\\/mainznagelstudio.de\\\/#organization\"},\"potentialAction\":[{\"@type\":\"SearchAction\",\"target\":{\"@type\":\"EntryPoint\",\"urlTemplate\":\"https:\\\/\\\/mainznagelstudio.de\\\/?s={search_term_string}\"},\"query-input\":{\"@type\":\"PropertyValueSpecification\",\"valueRequired\":true,\"valueName\":\"search_term_string\"}}],\"inLanguage\":\"de\"},{\"@type\":\"Organization\",\"@id\":\"https:\\\/\\\/mainznagelstudio.de\\\/#organization\",\"name\":\"DAS NAGELSTUDIO\",\"url\":\"https:\\\/\\\/mainznagelstudio.de\\\/\",\"logo\":{\"@type\":\"ImageObject\",\"inLanguage\":\"de\",\"@id\":\"https:\\\/\\\/mainznagelstudio.de\\\/#\\\/schema\\\/logo\\\/image\\\/\",\"url\":\"https:\\\/\\\/mainznagelstudio.de\\\/wp-content\\\/uploads\\\/2021\\\/09\\\/cropped-Schaufenster-gross-seite-scaled-1.jpg\",\"contentUrl\":\"https:\\\/\\\/mainznagelstudio.de\\\/wp-content\\\/uploads\\\/2021\\\/09\\\/cropped-Schaufenster-gross-seite-scaled-1.jpg\",\"width\":2000,\"height\":1507,\"caption\":\"DAS NAGELSTUDIO\"},\"image\":{\"@id\":\"https:\\\/\\\/mainznagelstudio.de\\\/#\\\/schema\\\/logo\\\/image\\\/\"},\"sameAs\":[\"https:\\\/\\\/www.facebook.com\\\/DasNagelstudioMainz\",\"https:\\\/\\\/www.instagram.com\\\/dasnagelstudio\"]}]}<\/script>\n<!-- \/ Yoast SEO plugin. -->","yoast_head_json":{"title":"...seit \u00fcber 30 Jahren in den besten H\u00e4nden! - DAS NAGELSTUDIO","robots":{"index":"index","follow":"follow","max-snippet":"max-snippet:-1","max-image-preview":"max-image-preview:large","max-video-preview":"max-video-preview:-1"},"canonical":"https:\/\/mainznagelstudio.de\/?page_id=60","og_locale":"de_DE","og_type":"article","og_title":"...seit \u00fcber 30 Jahren in den besten H\u00e4nden! - DAS NAGELSTUDIO","og_description":"Herzlich wilkommen bei DAS NAGELSTUDIO Ich hei\u00dfe Petra Bittner und arbeite als staatl. gep\u00fcfte Nageldesignerin (HWK) mit meinem Team seit 1985 erolgreich im Bereich der Nagelkosmetik. In dieser Zeit haben wir uns mit den aktuellen Trends und den W\u00fcnschen unserer Kunden weiterentwickelt. Durch die Teilnahme an verschiedenen Lehrg\u00e4ngen, Messen und Fachveranstaltungen, k\u00f6nnen wir stets modernste &hellip; \u201e&#8230;seit \u00fcber 30 Jahren in den besten H\u00e4nden!\u201c weiterlesen","og_url":"https:\/\/mainznagelstudio.de\/?page_id=60","og_site_name":"DAS NAGELSTUDIO","article_publisher":"https:\/\/www.facebook.com\/DasNagelstudioMainz","article_modified_time":"2025-05-04T12:09:26+00:00","og_image":[{"width":200,"height":266,"url":"https:\/\/mainznagelstudio.de\/wp-content\/uploads\/2018\/05\/LCN-Nail-4c-4-.jpg","type":"image\/jpeg"}],"twitter_card":"summary_large_image","twitter_misc":{"Gesch\u00e4tzte Lesezeit":"1\u00a0Minute"},"schema":{"@context":"https:\/\/schema.org","@graph":[{"@type":"WebPage","@id":"https:\/\/mainznagelstudio.de\/?page_id=60","url":"https:\/\/mainznagelstudio.de\/?page_id=60","name":"...seit \u00fcber 30 Jahren in den besten H\u00e4nden! - DAS NAGELSTUDIO","isPartOf":{"@id":"https:\/\/mainznagelstudio.de\/#website"},"primaryImageOfPage":{"@id":"https:\/\/mainznagelstudio.de\/?page_id=60#primaryimage"},"image":{"@id":"https:\/\/mainznagelstudio.de\/?page_id=60#primaryimage"},"thumbnailUrl":"http:\/\/mainznagelstudio.de\/wp-content\/uploads\/2018\/05\/LCN-Nail-4c-4-.jpg","datePublished":"2018-05-25T15:55:36+00:00","dateModified":"2025-05-04T12:09:26+00:00","breadcrumb":{"@id":"https:\/\/mainznagelstudio.de\/?page_id=60#breadcrumb"},"inLanguage":"de","potentialAction":[{"@type":"ReadAction","target":["https:\/\/mainznagelstudio.de\/?page_id=60"]}]},{"@type":"ImageObject","inLanguage":"de","@id":"https:\/\/mainznagelstudio.de\/?page_id=60#primaryimage","url":"https:\/\/mainznagelstudio.de\/wp-content\/uploads\/2018\/05\/LCN-Nail-4c-4-.jpg","contentUrl":"https:\/\/mainznagelstudio.de\/wp-content\/uploads\/2018\/05\/LCN-Nail-4c-4-.jpg","width":200,"height":266,"caption":"Quelle: Wilde Cosmetics GmbH"},{"@type":"BreadcrumbList","@id":"https:\/\/mainznagelstudio.de\/?page_id=60#breadcrumb","itemListElement":[{"@type":"ListItem","position":1,"name":"Startseite","item":"https:\/\/mainznagelstudio.de\/"},{"@type":"ListItem","position":2,"name":"&#8230;seit \u00fcber 30 Jahren in den besten H\u00e4nden!"}]},{"@type":"WebSite","@id":"https:\/\/mainznagelstudio.de\/#website","url":"https:\/\/mainznagelstudio.de\/","name":"DAS NAGELSTUDIO","description":"Damit Ihre Sch\u00f6nheit nicht beim Make-up aufh\u00f6rt!","publisher":{"@id":"https:\/\/mainznagelstudio.de\/#organization"},"potentialAction":[{"@type":"SearchAction","target":{"@type":"EntryPoint","urlTemplate":"https:\/\/mainznagelstudio.de\/?s={search_term_string}"},"query-input":{"@type":"PropertyValueSpecification","valueRequired":true,"valueName":"search_term_string"}}],"inLanguage":"de"},{"@type":"Organization","@id":"https:\/\/mainznagelstudio.de\/#organization","name":"DAS NAGELSTUDIO","url":"https:\/\/mainznagelstudio.de\/","logo":{"@type":"ImageObject","inLanguage":"de","@id":"https:\/\/mainznagelstudio.de\/#\/schema\/logo\/image\/","url":"https:\/\/mainznagelstudio.de\/wp-content\/uploads\/2021\/09\/cropped-Schaufenster-gross-seite-scaled-1.jpg","contentUrl":"https:\/\/mainznagelstudio.de\/wp-content\/uploads\/2021\/09\/cropped-Schaufenster-gross-seite-scaled-1.jpg","width":2000,"height":1507,"caption":"DAS NAGELSTUDIO"},"image":{"@id":"https:\/\/mainznagelstudio.de\/#\/schema\/logo\/image\/"},"sameAs":["https:\/\/www.facebook.com\/DasNagelstudioMainz","https:\/\/www.instagram.com\/dasnagelstudio"]}]}},"_links":{"self":[{"href":"https:\/\/mainznagelstudio.de\/index.php?rest_route=\/wp\/v2\/pages\/60","targetHints":{"allow":["GET"]}}],"collection":[{"href":"https:\/\/mainznagelstudio.de\/index.php?rest_route=\/wp\/v2\/pages"}],"about":[{"href":"https:\/\/mainznagelstudio.de\/index.php?rest_route=\/wp\/v2\/types\/page"}],"author":[{"embeddable":true,"href":"https:\/\/mainznagelstudio.de\/index.php?rest_route=\/wp\/v2\/users\/1"}],"replies":[{"embeddable":true,"href":"https:\/\/mainznagelstudio.de\/index.php?rest_route=%2Fwp%2Fv2%2Fcomments&post=60"}],"version-history":[{"count":14,"href":"https:\/\/mainznagelstudio.de\/index.php?rest_route=\/wp\/v2\/pages\/60\/revisions"}],"predecessor-version":[{"id":628,"href":"https:\/\/mainznagelstudio.de\/index.php?rest_route=\/wp\/v2\/pages\/60\/revisions\/628"}],"wp:attachment":[{"href":"https:\/\/mainznagelstudio.de\/index.php?rest_route=%2Fwp%2Fv2%2Fmedia&parent=60"}],"curies":[{"name":"wp","href":"https:\/\/api.w.org\/{rel}","templated":true}]}}